{"id":431,"date":"2023-05-07T15:58:54","date_gmt":"2023-05-07T13:58:54","guid":{"rendered":"https:\/\/randaura.fr\/?page_id=431"},"modified":"2023-10-19T16:57:13","modified_gmt":"2023-10-19T14:57:13","slug":"edition-2022","status":"publish","type":"page","link":"https:\/\/randaura.fr\/index.php\/edition-2022\/","title":{"rendered":"Rand&rsquo;AuRA 2022"},"content":{"rendered":"\t\t<div data-elementor-type=\"wp-page\" data-elementor-id=\"431\" class=\"elementor elementor-431\">\n\t\t\t\t\t\t<section class=\"elementor-section elementor-top-section elementor-element elementor-element-dc97f54 elementor-section-boxed elementor-section-height-default elementor-section-height-default\" data-id=\"dc97f54\" data-element_type=\"section\" data-e-type=\"section\">\n\t\t\t\t\t\t<div class=\"elementor-container elementor-column-gap-default\">\n\t\t\t\t\t<div class=\"elementor-column elementor-col-50 elementor-top-column elementor-element elementor-element-819a9f4\" data-id=\"819a9f4\" data-element_type=\"column\" data-e-type=\"column\">\n\t\t\t<div class=\"elementor-widget-wrap elementor-element-populated\">\n\t\t\t\t\t\t<div class=\"elementor-element elementor-element-bf19021 elementor-widget elementor-widget-text-editor\" data-id=\"bf19021\" data-element_type=\"widget\" data-e-type=\"widget\" data-widget_type=\"text-editor.default\">\n\t\t\t\t<div class=\"elementor-widget-container\">\n\t\t\t\t\t\t\t\t\t<p><strong>Une centaine de participants pour la 2\u00e8me Rand&rsquo;AuRA, organis\u00e9e autour de Grenoble, dimanche 3 juillet 2022 par <a href=\"https:\/\/www.facebook.com\/drac2s?__cft__%5b0%5d=AZV-MOe8ymASCw6BRPXHsKUELXQTKeMMD_2fq9lFFIY8reAVyn1Le3HShPiY7SCV-d3RByGAWqotUJ1DpPuCK4A0_3PuvP3GoZAYKMrKbPrnOprQ0nSYJkHk3RsnlduHGd38_s-hphrIaUXEXBMPg3PSOPW70EVft42DAFRb0XkFMkWtysGgjh_6H1zXPwwCqs8t9nCzQ9TnpzpzWkVh9H6K&amp;__tn__=-%5dK-y-R\">DRAC-2S<\/a> et la <a href=\"https:\/\/www.facebook.com\/LigueAuraRoller?__cft__%5b0%5d=AZV-MOe8ymASCw6BRPXHsKUELXQTKeMMD_2fq9lFFIY8reAVyn1Le3HShPiY7SCV-d3RByGAWqotUJ1DpPuCK4A0_3PuvP3GoZAYKMrKbPrnOprQ0nSYJkHk3RsnlduHGd38_s-hphrIaUXEXBMPg3PSOPW70EVft42DAFRb0XkFMkWtysGgjh_6H1zXPwwCqs8t9nCzQ9TnpzpzWkVh9H6K&amp;__tn__=-%5dK-y-R\">Ligue Auvergne Rh\u00f4ne-Alpes Roller &amp; Skateboard<\/a>. Bravo \u00e0 toutes et tous !<\/strong><\/p><p style=\"text-align: center;\">\u00a0<\/p>\t\t\t\t\t\t\t\t<\/div>\n\t\t\t\t<\/div>\n\t\t\t\t<div class=\"elementor-element elementor-element-e7d9585 elementor-widget elementor-widget-image\" data-id=\"e7d9585\" data-element_type=\"widget\" data-e-type=\"widget\" data-widget_type=\"image.default\">\n\t\t\t\t<div class=\"elementor-widget-container\">\n\t\t\t\t\t\t\t\t\t\t\t\t\t\t\t<img fetchpriority=\"high\" decoding=\"async\" width=\"724\" height=\"1024\" src=\"https:\/\/randaura.fr\/wp-content\/uploads\/2023\/01\/Affiche-RandAura-2022-V2-Logo-2S.webp\" class=\"attachment-large size-large wp-image-23\" alt=\"\" srcset=\"https:\/\/randaura.fr\/wp-content\/uploads\/2023\/01\/Affiche-RandAura-2022-V2-Logo-2S.webp 724w, https:\/\/randaura.fr\/wp-content\/uploads\/2023\/01\/Affiche-RandAura-2022-V2-Logo-2S-212x300.webp 212w\" sizes=\"(max-width: 724px) 100vw, 724px\" \/>\t\t\t\t\t\t\t\t\t\t\t\t\t\t\t<\/div>\n\t\t\t\t<\/div>\n\t\t\t\t\t<\/div>\n\t\t<\/div>\n\t\t\t\t<div class=\"elementor-column elementor-col-50 elementor-top-column elementor-element elementor-element-e16759e\" data-id=\"e16759e\" data-element_type=\"column\" data-e-type=\"column\">\n\t\t\t<div class=\"elementor-widget-wrap elementor-element-populated\">\n\t\t\t\t\t\t<div class=\"elementor-element elementor-element-7f2bcdb elementor-widget elementor-widget-image\" data-id=\"7f2bcdb\" data-element_type=\"widget\" data-e-type=\"widget\" data-widget_type=\"image.default\">\n\t\t\t\t<div class=\"elementor-widget-container\">\n\t\t\t\t\t\t\t\t\t\t\t\t\t\t\t<img decoding=\"async\" width=\"1024\" height=\"576\" src=\"https:\/\/randaura.fr\/wp-content\/uploads\/2023\/05\/V1.00_00_46_31.Still019-1-1024x576.jpg\" class=\"attachment-large size-large wp-image-498\" alt=\"\" srcset=\"https:\/\/randaura.fr\/wp-content\/uploads\/2023\/05\/V1.00_00_46_31.Still019-1-1024x576.jpg 1024w, https:\/\/randaura.fr\/wp-content\/uploads\/2023\/05\/V1.00_00_46_31.Still019-1-300x169.jpg 300w, https:\/\/randaura.fr\/wp-content\/uploads\/2023\/05\/V1.00_00_46_31.Still019-1-768x432.jpg 768w, https:\/\/randaura.fr\/wp-content\/uploads\/2023\/05\/V1.00_00_46_31.Still019-1-1536x864.jpg 1536w, https:\/\/randaura.fr\/wp-content\/uploads\/2023\/05\/V1.00_00_46_31.Still019-1-800x450.jpg 800w, https:\/\/randaura.fr\/wp-content\/uploads\/2023\/05\/V1.00_00_46_31.Still019-1.jpg 1920w\" sizes=\"(max-width: 1024px) 100vw, 1024px\" \/>\t\t\t\t\t\t\t\t\t\t\t\t\t\t\t<\/div>\n\t\t\t\t<\/div>\n\t\t\t\t<div class=\"elementor-element elementor-element-ea14035 elementor-widget elementor-widget-image\" data-id=\"ea14035\" data-element_type=\"widget\" data-e-type=\"widget\" data-widget_type=\"image.default\">\n\t\t\t\t<div class=\"elementor-widget-container\">\n\t\t\t\t\t\t\t\t\t\t\t\t\t\t\t<img decoding=\"async\" width=\"1024\" height=\"576\" src=\"https:\/\/randaura.fr\/wp-content\/uploads\/2023\/05\/V1.00_00_08_19.Still003-1-1024x576.jpg\" class=\"attachment-large size-large wp-image-494\" alt=\"\" srcset=\"https:\/\/randaura.fr\/wp-content\/uploads\/2023\/05\/V1.00_00_08_19.Still003-1-1024x576.jpg 1024w, https:\/\/randaura.fr\/wp-content\/uploads\/2023\/05\/V1.00_00_08_19.Still003-1-300x169.jpg 300w, https:\/\/randaura.fr\/wp-content\/uploads\/2023\/05\/V1.00_00_08_19.Still003-1-768x432.jpg 768w, https:\/\/randaura.fr\/wp-content\/uploads\/2023\/05\/V1.00_00_08_19.Still003-1-1536x864.jpg 1536w, https:\/\/randaura.fr\/wp-content\/uploads\/2023\/05\/V1.00_00_08_19.Still003-1-800x450.jpg 800w, https:\/\/randaura.fr\/wp-content\/uploads\/2023\/05\/V1.00_00_08_19.Still003-1.jpg 1920w\" sizes=\"(max-width: 1024px) 100vw, 1024px\" \/>\t\t\t\t\t\t\t\t\t\t\t\t\t\t\t<\/div>\n\t\t\t\t<\/div>\n\t\t\t\t<div class=\"elementor-element elementor-element-fd41ab3 elementor-widget elementor-widget-image\" data-id=\"fd41ab3\" data-element_type=\"widget\" data-e-type=\"widget\" data-widget_type=\"image.default\">\n\t\t\t\t<div class=\"elementor-widget-container\">\n\t\t\t\t\t\t\t\t\t\t\t\t\t\t\t<img loading=\"lazy\" decoding=\"async\" width=\"1024\" height=\"576\" src=\"https:\/\/randaura.fr\/wp-content\/uploads\/2023\/05\/DERUSH.00_02_49_47.Still006-1-1024x576.jpg\" class=\"attachment-large size-large wp-image-492\" alt=\"\" srcset=\"https:\/\/randaura.fr\/wp-content\/uploads\/2023\/05\/DERUSH.00_02_49_47.Still006-1-1024x576.jpg 1024w, https:\/\/randaura.fr\/wp-content\/uploads\/2023\/05\/DERUSH.00_02_49_47.Still006-1-300x169.jpg 300w, https:\/\/randaura.fr\/wp-content\/uploads\/2023\/05\/DERUSH.00_02_49_47.Still006-1-768x432.jpg 768w, https:\/\/randaura.fr\/wp-content\/uploads\/2023\/05\/DERUSH.00_02_49_47.Still006-1-1536x864.jpg 1536w, https:\/\/randaura.fr\/wp-content\/uploads\/2023\/05\/DERUSH.00_02_49_47.Still006-1-800x450.jpg 800w, https:\/\/randaura.fr\/wp-content\/uploads\/2023\/05\/DERUSH.00_02_49_47.Still006-1.jpg 1920w\" sizes=\"(max-width: 1024px) 100vw, 1024px\" \/>\t\t\t\t\t\t\t\t\t\t\t\t\t\t\t<\/div>\n\t\t\t\t<\/div>\n\t\t\t\t\t<\/div>\n\t\t<\/div>\n\t\t\t\t\t<\/div>\n\t\t<\/section>\n\t\t\t\t<section class=\"elementor-section elementor-top-section elementor-element elementor-element-c47ce4a elementor-section-boxed elementor-section-height-default elementor-section-height-default\" data-id=\"c47ce4a\" data-element_type=\"section\" data-e-type=\"section\">\n\t\t\t\t\t\t<div class=\"elementor-container elementor-column-gap-default\">\n\t\t\t\t\t<div class=\"elementor-column elementor-col-50 elementor-top-column elementor-element elementor-element-c04dd9c\" data-id=\"c04dd9c\" data-element_type=\"column\" data-e-type=\"column\">\n\t\t\t<div class=\"elementor-widget-wrap elementor-element-populated\">\n\t\t\t\t\t\t<div class=\"elementor-element elementor-element-e6f679a elementor-widget elementor-widget-image\" data-id=\"e6f679a\" data-element_type=\"widget\" data-e-type=\"widget\" data-widget_type=\"image.default\">\n\t\t\t\t<div class=\"elementor-widget-container\">\n\t\t\t\t\t\t\t\t\t\t\t\t\t\t\t<img loading=\"lazy\" decoding=\"async\" width=\"1024\" height=\"576\" src=\"https:\/\/randaura.fr\/wp-content\/uploads\/2023\/05\/DERUSH.00_11_19_45.Still012-1-1024x576.jpg\" class=\"attachment-large size-large wp-image-493\" alt=\"\" srcset=\"https:\/\/randaura.fr\/wp-content\/uploads\/2023\/05\/DERUSH.00_11_19_45.Still012-1-1024x576.jpg 1024w, https:\/\/randaura.fr\/wp-content\/uploads\/2023\/05\/DERUSH.00_11_19_45.Still012-1-300x169.jpg 300w, https:\/\/randaura.fr\/wp-content\/uploads\/2023\/05\/DERUSH.00_11_19_45.Still012-1-768x432.jpg 768w, https:\/\/randaura.fr\/wp-content\/uploads\/2023\/05\/DERUSH.00_11_19_45.Still012-1-1536x864.jpg 1536w, https:\/\/randaura.fr\/wp-content\/uploads\/2023\/05\/DERUSH.00_11_19_45.Still012-1-800x450.jpg 800w, https:\/\/randaura.fr\/wp-content\/uploads\/2023\/05\/DERUSH.00_11_19_45.Still012-1.jpg 1920w\" sizes=\"(max-width: 1024px) 100vw, 1024px\" \/>\t\t\t\t\t\t\t\t\t\t\t\t\t\t\t<\/div>\n\t\t\t\t<\/div>\n\t\t\t\t\t<\/div>\n\t\t<\/div>\n\t\t\t\t<div class=\"elementor-column elementor-col-50 elementor-top-column elementor-element elementor-element-f432181\" data-id=\"f432181\" data-element_type=\"column\" data-e-type=\"column\">\n\t\t\t<div class=\"elementor-widget-wrap elementor-element-populated\">\n\t\t\t\t\t\t<div class=\"elementor-element elementor-element-c6e3300 elementor-widget elementor-widget-image\" data-id=\"c6e3300\" data-element_type=\"widget\" data-e-type=\"widget\" data-widget_type=\"image.default\">\n\t\t\t\t<div class=\"elementor-widget-container\">\n\t\t\t\t\t\t\t\t\t\t\t\t\t\t\t<img loading=\"lazy\" decoding=\"async\" width=\"1024\" height=\"576\" src=\"https:\/\/randaura.fr\/wp-content\/uploads\/2023\/05\/DERUSH.00_12_23_45.Still016-1024x576.jpg\" class=\"attachment-large size-large wp-image-448\" alt=\"\" srcset=\"https:\/\/randaura.fr\/wp-content\/uploads\/2023\/05\/DERUSH.00_12_23_45.Still016-1024x576.jpg 1024w, https:\/\/randaura.fr\/wp-content\/uploads\/2023\/05\/DERUSH.00_12_23_45.Still016-300x169.jpg 300w, https:\/\/randaura.fr\/wp-content\/uploads\/2023\/05\/DERUSH.00_12_23_45.Still016-768x432.jpg 768w, https:\/\/randaura.fr\/wp-content\/uploads\/2023\/05\/DERUSH.00_12_23_45.Still016-1536x864.jpg 1536w, https:\/\/randaura.fr\/wp-content\/uploads\/2023\/05\/DERUSH.00_12_23_45.Still016-800x450.jpg 800w, https:\/\/randaura.fr\/wp-content\/uploads\/2023\/05\/DERUSH.00_12_23_45.Still016.jpg 1920w\" sizes=\"(max-width: 1024px) 100vw, 1024px\" \/>\t\t\t\t\t\t\t\t\t\t\t\t\t\t\t<\/div>\n\t\t\t\t<\/div>\n\t\t\t\t\t<\/div>\n\t\t<\/div>\n\t\t\t\t\t<\/div>\n\t\t<\/section>\n\t\t\t\t<\/div>\n\t\t","protected":false},"excerpt":{"rendered":"<p>Une centaine de participants pour la 2\u00e8me Rand&rsquo;AuRA, organis\u00e9e autour de Grenoble, dimanche 3 juillet 2022 par DRAC-2S et la Ligue Auvergne Rh\u00f4ne-Alpes Roller &amp; Skateboard. Bravo \u00e0 toutes et tous ! \u00a0<\/p>\n","protected":false},"author":1,"featured_media":0,"parent":0,"menu_order":0,"comment_status":"closed","ping_status":"closed","template":"","meta":{"ocean_post_layout":"","ocean_both_sidebars_style":"","ocean_both_sidebars_content_width":0,"ocean_both_sidebars_sidebars_width":0,"ocean_sidebar":"0","ocean_second_sidebar":"0","ocean_disable_margins":"enable","ocean_add_body_class":"","ocean_shortcode_before_top_bar":"","ocean_shortcode_after_top_bar":"","ocean_shortcode_before_header":"","ocean_shortcode_after_header":"","ocean_has_shortcode":"","ocean_shortcode_after_title":"","ocean_shortcode_before_footer_widgets":"","ocean_shortcode_after_footer_widgets":"","ocean_shortcode_before_footer_bottom":"","ocean_shortcode_after_footer_bottom":"","ocean_display_top_bar":"default","ocean_display_header":"default","ocean_header_style":"","ocean_center_header_left_menu":"0","ocean_custom_header_template":"0","ocean_custom_logo":0,"ocean_custom_retina_logo":0,"ocean_custom_logo_max_width":0,"ocean_custom_logo_tablet_max_width":0,"ocean_custom_logo_mobile_max_width":0,"ocean_custom_logo_max_height":0,"ocean_custom_logo_tablet_max_height":0,"ocean_custom_logo_mobile_max_height":0,"ocean_header_custom_menu":"0","ocean_menu_typo_font_family":"0","ocean_menu_typo_font_subset":"","ocean_menu_typo_font_size":0,"ocean_menu_typo_font_size_tablet":0,"ocean_menu_typo_font_size_mobile":0,"ocean_menu_typo_font_size_unit":"px","ocean_menu_typo_font_weight":"","ocean_menu_typo_font_weight_tablet":"","ocean_menu_typo_font_weight_mobile":"","ocean_menu_typo_transform":"","ocean_menu_typo_transform_tablet":"","ocean_menu_typo_transform_mobile":"","ocean_menu_typo_line_height":0,"ocean_menu_typo_line_height_tablet":0,"ocean_menu_typo_line_height_mobile":0,"ocean_menu_typo_line_height_unit":"","ocean_menu_typo_spacing":0,"ocean_menu_typo_spacing_tablet":0,"ocean_menu_typo_spacing_mobile":0,"ocean_menu_typo_spacing_unit":"","ocean_menu_link_color":"","ocean_menu_link_color_hover":"","ocean_menu_link_color_active":"","ocean_menu_link_background":"","ocean_menu_link_hover_background":"","ocean_menu_link_active_background":"","ocean_menu_social_links_bg":"","ocean_menu_social_hover_links_bg":"","ocean_menu_social_links_color":"","ocean_menu_social_hover_links_color":"","ocean_disable_title":"default","ocean_disable_heading":"default","ocean_post_title":"","ocean_post_subheading":"","ocean_post_title_style":"","ocean_post_title_background_color":"","ocean_post_title_background":0,"ocean_post_title_bg_image_position":"","ocean_post_title_bg_image_attachment":"","ocean_post_title_bg_image_repeat":"","ocean_post_title_bg_image_size":"","ocean_post_title_height":0,"ocean_post_title_bg_overlay":0.5,"ocean_post_title_bg_overlay_color":"","ocean_disable_breadcrumbs":"default","ocean_breadcrumbs_color":"","ocean_breadcrumbs_separator_color":"","ocean_breadcrumbs_links_color":"","ocean_breadcrumbs_links_hover_color":"","ocean_display_footer_widgets":"default","ocean_display_footer_bottom":"default","ocean_custom_footer_template":"0","footnotes":""},"class_list":["post-431","page","type-page","status-publish","hentry","entry"],"_links":{"self":[{"href":"https:\/\/randaura.fr\/index.php\/wp-json\/wp\/v2\/pages\/431","targetHints":{"allow":["GET"]}}],"collection":[{"href":"https:\/\/randaura.fr\/index.php\/wp-json\/wp\/v2\/pages"}],"about":[{"href":"https:\/\/randaura.fr\/index.php\/wp-json\/wp\/v2\/types\/page"}],"author":[{"embeddable":true,"href":"https:\/\/randaura.fr\/index.php\/wp-json\/wp\/v2\/users\/1"}],"replies":[{"embeddable":true,"href":"https:\/\/randaura.fr\/index.php\/wp-json\/wp\/v2\/comments?post=431"}],"version-history":[{"count":56,"href":"https:\/\/randaura.fr\/index.php\/wp-json\/wp\/v2\/pages\/431\/revisions"}],"predecessor-version":[{"id":1210,"href":"https:\/\/randaura.fr\/index.php\/wp-json\/wp\/v2\/pages\/431\/revisions\/1210"}],"wp:attachment":[{"href":"https:\/\/randaura.fr\/index.php\/wp-json\/wp\/v2\/media?parent=431"}],"curies":[{"name":"wp","href":"https:\/\/api.w.org\/{rel}","templated":true}]}}