{"id":179,"date":"2023-05-06T19:16:34","date_gmt":"2023-05-06T17:16:34","guid":{"rendered":"https:\/\/randaura.fr\/?page_id=179"},"modified":"2023-05-06T19:16:34","modified_gmt":"2023-05-06T17:16:34","slug":"randonnee-verte-circuit-regional","status":"publish","type":"page","link":"https:\/\/randaura.fr\/index.php\/randonnee-verte-circuit-regional\/","title":{"rendered":"Randonn\u00e9e Verte &#8211; Circuit r\u00e9gional"},"content":{"rendered":"\n<p>&gt;&nbsp;<a href=\"https:\/\/ffroller-skateboard.fr\/les-disciplines\/randonnee_roller\/outils_dirigeants_randonnee_roller\/#organisateur\">Je suis un organisateur<\/a><\/p>\n\n\n\n<p>&gt;&nbsp;<a href=\"https:\/\/ffroller-skateboard.fr\/les-disciplines\/randonnee_roller\/outils_dirigeants_randonnee_roller\/#ligue\">Je suis une ligue<\/a><\/p>\n\n\n\n<h2 class=\"wp-block-heading\" id=\"organisateur\">Je suis un organisateur<\/h2>\n\n\n\n<p>Ressemblant trait pour trait \u00e0 leur pendant national, les Randos Vertes R\u00e9gionales diff\u00e8rent avant tout par leur audience&nbsp;: r\u00e9gionale et non nationale. Les manifestations ainsi labellis\u00e9es par la ligue constituent le calendrier r\u00e9gional randonn\u00e9e.<\/p>\n\n\n\n<h3 class=\"wp-block-heading\">Pourquoi organiser une Rando Verte R\u00e9gionale&nbsp;?<\/h3>\n\n\n\n<p>Organiser une Rando Verte R\u00e9gionale, c\u2019est&nbsp;:<\/p>\n\n\n\n<ul class=\"wp-block-list\">\n<li>Donner \u00e0 mon \u00e9v\u00e9nement une&nbsp;<strong>audience<\/strong>&nbsp;qui d\u00e9passera les fronti\u00e8res de mon club,<\/li>\n\n\n\n<li><strong>Attirer de nouveaux licenci\u00e9s<\/strong>,<\/li>\n\n\n\n<li>Proposer un&nbsp;<strong>\u00e9v\u00e9nement f\u00e9d\u00e9rateur<\/strong>&nbsp;o\u00f9 les clubs voisins pourront venir participer. En participant \u00e0 mon tour \u00e0 leurs \u00e9v\u00e8nements, je renforce ais\u00e9ment l\u2019offre de pratique pour les licenci\u00e9s de mon club.<\/li>\n<\/ul>\n\n\n\n<h3 class=\"wp-block-heading\"><img fetchpriority=\"high\" decoding=\"async\" src=\"https:\/\/ffroller-skateboard.fr\/wp-content\/uploads\/logo-RVR-regional-carre-generique.jpg\" alt=\"logo-RVR-regional-carre---generique\" width=\"283\" height=\"283\" srcset=\"https:\/\/ffroller-skateboard.fr\/wp-content\/uploads\/logo-RVR-regional-carre-generique.jpg 1308w, https:\/\/ffroller-skateboard.fr\/wp-content\/uploads\/logo-RVR-regional-carre-generique-150x150.jpg 150w, https:\/\/ffroller-skateboard.fr\/wp-content\/uploads\/logo-RVR-regional-carre-generique-768x767.jpg 768w, https:\/\/ffroller-skateboard.fr\/wp-content\/uploads\/logo-RVR-regional-carre-generique-375x375.jpg 375w\">La Ligue m\u2019accompagne<\/h3>\n\n\n\n<p>Con\u00e7u comme un guide m\u00e9thodologique, le cahier des charges m\u2019accompagne \u00e0 chaque \u00e9tape importante de mon projet.<\/p>\n\n\n\n<p>Par l\u2019interm\u00e9diaire de la ma ligue, la f\u00e9d\u00e9ration me suit et me conseille dans ma pr\u00e9paration.<\/p>\n\n\n\n<h3 class=\"wp-block-heading\">La communication<\/h3>\n\n\n\n<p>Mon \u00e9v\u00e9nement b\u00e9n\u00e9ficie des outils de communication de la ligue. Par ailleurs, la f\u00e9d\u00e9ration lui a fourni les mod\u00e8les pour \u00e9diter un programme pour faire la promotion de toutes les \u00e9tapes r\u00e9gionales.<\/p>\n\n\n\n<h3 class=\"wp-block-heading\">Une aide mat\u00e9rielle<\/h3>\n\n\n\n<p>Pour \u00e9pauler les organisateurs de Rando Verte R\u00e9gionale, la f\u00e9d\u00e9ration subventionne les ligues jusqu\u2019\u00e0 2000 \u20ac. Cette somme permet d\u2019acqu\u00e9rir du mat\u00e9riel qui peut m\u2019\u00eatre mis \u00e0 disposition&nbsp;:<\/p>\n\n\n\n<ul class=\"wp-block-list\">\n<li>gilets haute visibilit\u00e9,<\/li>\n\n\n\n<li>gyrophares,<\/li>\n\n\n\n<li>talkies walkies,<\/li>\n\n\n\n<li>kits visuels\u2026<\/li>\n<\/ul>\n\n\n\n<h3 class=\"wp-block-heading\">Comment \u00eatre \u00e9ligible&nbsp;?<\/h3>\n\n\n\n<p>Le circuit r\u00e9pond \u00e0 un cahier des charges que chaque organisateur s\u2019engage \u00e0 observer. L\u2019\u00e9valuation des dossiers se fait sur cette base.<\/p>\n\n\n\n<p>Le cahier des charges est disponible en bas de page.<\/p>\n\n\n\n<h3 class=\"wp-block-heading\">Comment candidater&nbsp;?<\/h3>\n\n\n\n<p>Contactez votre ligue pour conna\u00eetre les dates du prochain appel \u00e0 candidature.<\/p>\n\n\n\n<p>En cas de besoin, contactez avec la f\u00e9d\u00e9ration&nbsp;:&nbsp;<a href=\"mailto:ressources.developpement@ffroller-skateboard.com\">ressources.developpement@ffroller-skateboard.com<\/a>&nbsp;\u2013&nbsp;<a href=\"tel:+33556336538\">05 56 33 65 37<\/a><\/p>\n\n\n\n<h2 class=\"wp-block-heading\" id=\"ligue\">Je suis une ligue<\/h2>\n\n\n\n<p>Depuis 2014, la f\u00e9d\u00e9ration donne \u00e0 ma ligue la possibilit\u00e9 de d\u00e9livrer elle-m\u00eame le label \u00ab&nbsp;Rando Verte Roller&nbsp;\u00bb et mettre en \u0153uvre un calendrier r\u00e9gional randonn\u00e9e.<\/p>\n\n\n\n<h3 class=\"wp-block-heading\">Pourquoi organiser un circuit r\u00e9gional&nbsp;?<\/h3>\n\n\n\n<p>Seconde discipline de la f\u00e9d\u00e9ration, pr\u00e9sente dans plus de la moiti\u00e9 des clubs de Roller Sports,&nbsp;<strong>la pratique de la Randonn\u00e9e concerne mon territoire.<\/strong><\/p>\n\n\n\n<p>Facile \u00e0 mettre en \u0153uvre, la Randonn\u00e9e jouit d\u2019un fort potentiel de recrutement. Au plan national, 5 000 nouveaux licenci\u00e9s s\u2019essayent \u00e0 la Randonn\u00e9e chaque ann\u00e9e. Mais la discipline peine \u00e0 fid\u00e9liser les patineurs, faute, notamment d\u2019une offre de pratique suffisamment d\u00e9velopp\u00e9e et structur\u00e9e.<\/p>\n\n\n\n<p>En structurant un calendrier r\u00e9gional,&nbsp;<strong>j\u2019agis sur les deux leviers de d\u00e9veloppement de ma ligue&nbsp;: recruter et fid\u00e9liser.<\/strong><\/p>\n\n\n\n<h3 class=\"wp-block-heading\">Quels sont les \u00e9v\u00e8nements concern\u00e9s&nbsp;?<\/h3>\n\n\n\n<p>\u00ab&nbsp;Les plus belles randonn\u00e9es au c\u0153ur des plus beaux paysages&nbsp;\u00bb, telle est la promesse du circuit.<\/p>\n\n\n\n<p>Ces randonn\u00e9es se d\u00e9roulent, pour l\u2019essentiel, hors du cadre urbain, le plus souvent sur voies vertes ou routes s\u00e9curis\u00e9es. Chaque \u00e9v\u00e9nement est une invitation \u00e0 d\u00e9couvrir un pan de notre patrimoine, qu\u2019il soit naturel architectural ou historique.<\/p>\n\n\n\n<p>Le cahier des charges est disponible en bas de page.<\/p>\n\n\n\n<h3 class=\"wp-block-heading\">Quel est le r\u00f4le de la ligue&nbsp;?<\/h3>\n\n\n\n<ul class=\"wp-block-list\">\n<li>Etre une t\u00eate de r\u00e9seau en lien avec la f\u00e9d\u00e9ration,<\/li>\n\n\n\n<li>Organiser l\u2019appel \u00e0 candidature \u00e0 partir du cahier des charges fourni par la f\u00e9d\u00e9ration,<\/li>\n\n\n\n<li>Veiller au respect des prescriptions f\u00e9d\u00e9rales contenues dans le cahier des charges et le r\u00e8glement sportif,<\/li>\n\n\n\n<li>Epauler les organisateurs dans leur pr\u00e9paration,<\/li>\n\n\n\n<li>Communiquer aupr\u00e8s des clubs de la r\u00e9gion.<\/li>\n<\/ul>\n\n\n\n<h3 class=\"wp-block-heading\">La f\u00e9d\u00e9ration m\u2019accompagne<\/h3>\n\n\n\n<ul class=\"wp-block-list\">\n<li><strong>Intervention d\u2019un cadre technique<\/strong>&nbsp;pour aider \u00e0 b\u00e2tir le circuit. A cette occasion, un \u00e9tat des lieux global sera r\u00e9alis\u00e9 avec les responsables r\u00e9gionaux&nbsp;: besoins de formation, aide aux clubs dans la conduite de leur projet associatif\u2026<\/li>\n\n\n\n<li><strong>Une aide financi\u00e8re jusqu\u2019\u00e0 2000&nbsp;\u20ac<\/strong>&nbsp;(cofinancement 70% FFRS \u2013 30% Ligue) pour acqu\u00e9rir du mat\u00e9riel n\u00e9cessaire \u00e0 l\u2019organisation des randonn\u00e9es (talkies walkies, gyrophares, gilets haute visibilit\u00e9\u2026) \u2013 Aide financi\u00e8re valis\u00e9e sur pr\u00e9sentation des devis avant d\u2019engager les d\u00e9penses.<\/li>\n\n\n\n<li><strong>Des outils cl\u00e9s en main<\/strong>&nbsp;: maquette du programme r\u00e9gional, mod\u00e8les de communiqu\u00e9 et dossier de presse, mod\u00e8le d\u2019invitation pour les partenaires\u2026<\/li>\n<\/ul>\n\n\n\n<h3 class=\"wp-block-heading\">D\u2019autres types de randonn\u00e9es peuvent-elles int\u00e9grer le calendrier r\u00e9gional&nbsp;?<\/h3>\n\n\n\n<p>Oui. Les randonn\u00e9es \u00ab&nbsp;Urban Roller\u00a9&nbsp;\u00bb ont vocation \u00e0 int\u00e9grer le calendrier r\u00e9gional. D\u2019autres \u00e9v\u00e8nements peuvent \u00e9galement figurer au programme, contactez la f\u00e9d\u00e9ration.<\/p>\n\n\n\n<h3 class=\"wp-block-heading\">Comment candidater&nbsp;?<\/h3>\n\n\n\n<p>En contactant la f\u00e9d\u00e9ration&nbsp;:&nbsp;<a href=\"mailto:christine.pradere@ffroller.fr\">christine.pradere@ffroller.fr<\/a>&nbsp;\u2013&nbsp;<a href=\"tel:+33556336538\">05 56 33 65 38<\/a><\/p>\n\n\n\n<p>Aucun territoire ne ressemble \u00e0 un autre. Un accompagnement personnalis\u00e9 sera mis en place pour vous accompagner au plus pr\u00e8s des besoins.<\/p>\n\n\n\n<figure class=\"wp-block-table\"><table><thead><tr><th>Title<\/th><th>Size<\/th><th>Date modified<\/th><th>Download<\/th><\/tr><\/thead><tbody><tr><td><a href=\"https:\/\/ffroller-skateboard.fr\/download\/1351\/rando-verte-roller\/10756\/rando-verte-roller-regional-cahier-des-charges.pdf\">&nbsp;RVR &#8211; Cahier des charges &#8211; Circuit R\u00e9gional<\/a><\/td><td>1.78 MB<\/td><td>09-12-2015<\/td><td><a href=\"https:\/\/ffroller-skateboard.fr\/download\/1351\/rando-verte-roller\/10756\/rando-verte-roller-regional-cahier-des-charges.pdf\">Download<\/a><a href=\"https:\/\/ffroller-skateboard.fr\/wp-admin\/admin-ajax.php?juwpfisadmin=false&amp;action=wpfd&amp;task=file.download&amp;wpfd_category_id=1351&amp;wpfd_file_id=10756&amp;token=&amp;preview=1\" target=\"_blank\" rel=\"noreferrer noopener\">Preview&nbsp;<\/a><\/td><\/tr><tr><td><a href=\"https:\/\/ffroller-skateboard.fr\/download\/1351\/rando-verte-roller\/9517\/cahierdescharges2011-2.pdf\">&nbsp;RVR &#8211; Cahier des charges &#8211; Circuit National<\/a><\/td><td>112.67 KB<\/td><td>09-12-2015<\/td><td><a href=\"https:\/\/ffroller-skateboard.fr\/download\/1351\/rando-verte-roller\/9517\/cahierdescharges2011-2.pdf\">Download<\/a><a href=\"https:\/\/ffroller-skateboard.fr\/wp-admin\/admin-ajax.php?juwpfisadmin=false&amp;action=wpfd&amp;task=file.download&amp;wpfd_category_id=1351&amp;wpfd_file_id=9517&amp;token=&amp;preview=1\" target=\"_blank\" rel=\"noreferrer noopener\">Preview&nbsp;<\/a><\/td><\/tr><\/tbody><\/table><\/figure>\n","protected":false},"excerpt":{"rendered":"<p>&gt;&nbsp;Je suis un organisateur &gt;&nbsp;Je suis une ligue Je suis un organisateur Ressemblant trait pour trait \u00e0 leur pendant national, les Randos Vertes R\u00e9gionales diff\u00e8rent avant tout par leur audience&nbsp;: r\u00e9gionale et non nationale. Les manifestations ainsi labellis\u00e9es par la ligue constituent le calendrier r\u00e9gional randonn\u00e9e. Pourquoi organiser une Rando Verte R\u00e9gionale&nbsp;? Organiser une Rando [&hellip;]<\/p>\n","protected":false},"author":1,"featured_media":0,"parent":0,"menu_order":0,"comment_status":"closed","ping_status":"closed","template":"","meta":{"ocean_post_layout":"","ocean_both_sidebars_style":"","ocean_both_sidebars_content_width":0,"ocean_both_sidebars_sidebars_width":0,"ocean_sidebar":"0","ocean_second_sidebar":"0","ocean_disable_margins":"enable","ocean_add_body_class":"","ocean_shortcode_before_top_bar":"","ocean_shortcode_after_top_bar":"","ocean_shortcode_before_header":"","ocean_shortcode_after_header":"","ocean_has_shortcode":"","ocean_shortcode_after_title":"","ocean_shortcode_before_footer_widgets":"","ocean_shortcode_after_footer_widgets":"","ocean_shortcode_before_footer_bottom":"","ocean_shortcode_after_footer_bottom":"","ocean_display_top_bar":"default","ocean_display_header":"default","ocean_header_style":"","ocean_center_header_left_menu":"0","ocean_custom_header_template":"0","ocean_custom_logo":0,"ocean_custom_retina_logo":0,"ocean_custom_logo_max_width":0,"ocean_custom_logo_tablet_max_width":0,"ocean_custom_logo_mobile_max_width":0,"ocean_custom_logo_max_height":0,"ocean_custom_logo_tablet_max_height":0,"ocean_custom_logo_mobile_max_height":0,"ocean_header_custom_menu":"0","ocean_menu_typo_font_family":"0","ocean_menu_typo_font_subset":"","ocean_menu_typo_font_size":0,"ocean_menu_typo_font_size_tablet":0,"ocean_menu_typo_font_size_mobile":0,"ocean_menu_typo_font_size_unit":"px","ocean_menu_typo_font_weight":"","ocean_menu_typo_font_weight_tablet":"","ocean_menu_typo_font_weight_mobile":"","ocean_menu_typo_transform":"","ocean_menu_typo_transform_tablet":"","ocean_menu_typo_transform_mobile":"","ocean_menu_typo_line_height":0,"ocean_menu_typo_line_height_tablet":0,"ocean_menu_typo_line_height_mobile":0,"ocean_menu_typo_line_height_unit":"","ocean_menu_typo_spacing":0,"ocean_menu_typo_spacing_tablet":0,"ocean_menu_typo_spacing_mobile":0,"ocean_menu_typo_spacing_unit":"","ocean_menu_link_color":"","ocean_menu_link_color_hover":"","ocean_menu_link_color_active":"","ocean_menu_link_background":"","ocean_menu_link_hover_background":"","ocean_menu_link_active_background":"","ocean_menu_social_links_bg":"","ocean_menu_social_hover_links_bg":"","ocean_menu_social_links_color":"","ocean_menu_social_hover_links_color":"","ocean_disable_title":"default","ocean_disable_heading":"default","ocean_post_title":"","ocean_post_subheading":"","ocean_post_title_style":"","ocean_post_title_background_color":"","ocean_post_title_background":0,"ocean_post_title_bg_image_position":"","ocean_post_title_bg_image_attachment":"","ocean_post_title_bg_image_repeat":"","ocean_post_title_bg_image_size":"","ocean_post_title_height":0,"ocean_post_title_bg_overlay":0.5,"ocean_post_title_bg_overlay_color":"","ocean_disable_breadcrumbs":"default","ocean_breadcrumbs_color":"","ocean_breadcrumbs_separator_color":"","ocean_breadcrumbs_links_color":"","ocean_breadcrumbs_links_hover_color":"","ocean_display_footer_widgets":"default","ocean_display_footer_bottom":"default","ocean_custom_footer_template":"0","footnotes":""},"class_list":["post-179","page","type-page","status-publish","hentry","entry"],"_links":{"self":[{"href":"https:\/\/randaura.fr\/index.php\/wp-json\/wp\/v2\/pages\/179","targetHints":{"allow":["GET"]}}],"collection":[{"href":"https:\/\/randaura.fr\/index.php\/wp-json\/wp\/v2\/pages"}],"about":[{"href":"https:\/\/randaura.fr\/index.php\/wp-json\/wp\/v2\/types\/page"}],"author":[{"embeddable":true,"href":"https:\/\/randaura.fr\/index.php\/wp-json\/wp\/v2\/users\/1"}],"replies":[{"embeddable":true,"href":"https:\/\/randaura.fr\/index.php\/wp-json\/wp\/v2\/comments?post=179"}],"version-history":[{"count":1,"href":"https:\/\/randaura.fr\/index.php\/wp-json\/wp\/v2\/pages\/179\/revisions"}],"predecessor-version":[{"id":180,"href":"https:\/\/randaura.fr\/index.php\/wp-json\/wp\/v2\/pages\/179\/revisions\/180"}],"wp:attachment":[{"href":"https:\/\/randaura.fr\/index.php\/wp-json\/wp\/v2\/media?parent=179"}],"curies":[{"name":"wp","href":"https:\/\/api.w.org\/{rel}","templated":true}]}}