{"id":177,"date":"2023-05-06T19:13:51","date_gmt":"2023-05-06T17:13:51","guid":{"rendered":"https:\/\/randaura.fr\/?page_id=177"},"modified":"2023-05-06T19:13:51","modified_gmt":"2023-05-06T17:13:51","slug":"randonnee-verte-circuit-national","status":"publish","type":"page","link":"https:\/\/randaura.fr\/index.php\/randonnee-verte-circuit-national\/","title":{"rendered":"Randonn\u00e9e Verte -Circuit national"},"content":{"rendered":"\n<blockquote class=\"wp-block-quote is-layout-flow wp-block-quote-is-layout-flow\">\n<p>\u00ab&nbsp;<strong>Les plus belles randonn\u00e9es au c\u0153ur des plus beaux paysages<\/strong>&nbsp;\u00bb<\/p>\n<\/blockquote>\n\n\n\n<p>Chaque ann\u00e9e, le circuit \u00ab&nbsp;Rando Verte Roller\u00a9&nbsp;\u00bb et sa quinzaine d\u2019\u00e9tapes, f\u00e9d\u00e8rent plus de 3 000 patineurs venus pratiquer leur sport en pleine nature.<\/p>\n\n\n\n<p>Ces randonn\u00e9es se d\u00e9roulent, pour l\u2019essentiel, hors du cadre urbain, le plus souvent sur voies vertes ou routes s\u00e9curis\u00e9es. Chaque \u00e9v\u00e9nement est&nbsp;<strong>une invitation \u00e0 d\u00e9couvrir un pan de notre patrimoine, qu\u2019il soit naturel architectural ou historique.<\/strong><\/p>\n\n\n<div class=\"wp-block-image\">\n<figure class=\"alignright\"><img decoding=\"async\" src=\"https:\/\/ffroller-skateboard.fr\/wp-content\/uploads\/RVR-logo-v2015.jpg\" alt=\"\" class=\"wp-image-9632\"\/><\/figure>\n<\/div>\n\n\n<h3 class=\"wp-block-heading\">Pourquoi organiser une Rando Verte&nbsp;?<\/h3>\n\n\n\n<p>Rejoindre le calendrier Rando Verte, c\u2019est&nbsp;:<\/p>\n\n\n\n<ul class=\"wp-block-list\">\n<li>donner \u00e0 mon \u00e9v\u00e9nement une&nbsp;<strong>large audience<\/strong>,<\/li>\n\n\n\n<li>d\u00e9velopper un&nbsp;<strong>\u00e9v\u00e9nement f\u00e9d\u00e9rateur<\/strong>&nbsp;pour les clubs et les licenci\u00e9s&nbsp;: les autres clubs viennent participer, je b\u00e9n\u00e9ficie de leurs propres randos en retour,<\/li>\n\n\n\n<li><strong>conforter ma manifestation<\/strong>&nbsp;en lui faisant b\u00e9n\u00e9ficier du soutien f\u00e9d\u00e9ral.<\/li>\n<\/ul>\n\n\n\n<h3 class=\"wp-block-heading\">La F\u00e9d\u00e9ration m\u2019accompagne pas \u00e0 pas&nbsp;:<\/h3>\n\n\n\n<p>V\u00e9ritable guide m\u00e9thodologique, le cahier de charges m\u2019accompagne \u00e0 chaque \u00e9tape importante de ma pr\u00e9paration.<\/p>\n\n\n\n<p>Un cadre technique f\u00e9d\u00e9ral sera mon interlocuteur privil\u00e9gi\u00e9 pour m\u2019\u00e9pauler jusque sur le terrain le jour J.<\/p>\n\n\n\n<h3 class=\"wp-block-heading\">La communication<\/h3>\n\n\n\n<p>Diffus\u00e9 \u00e0 l\u2019automne, le cahier f\u00e9d\u00e9ral prend tout d\u2019abord la forme d\u2019un&nbsp;<strong>programme diffus\u00e9 \u00e0 15 000 exemplaires<\/strong>.<\/p>\n\n\n\n<p>Mais c\u2019est aussi l\u2019achat d\u2019espace publicitaire, un dossier et un communiqu\u00e9 de presse cl\u00e9 en main, des invitations pour mes partenaires\u2026<\/p>\n\n\n\n<h3 class=\"wp-block-heading\">Une aide mat\u00e9rielle<\/h3>\n\n\n\n<p>Pour chaque Rando Verte, la f\u00e9d\u00e9ration peut me mettre \u00e0 disposition&nbsp;: des gilets haute visibilit\u00e9, du mat\u00e9riel de s\u00e9curit\u00e9 (gyrophares\u2026), des talkies-walkies professionnels, un kit visuel\u2026<\/p>\n\n\n\n<h3 class=\"wp-block-heading\">Comment \u00eatre \u00e9ligible&nbsp;?<\/h3>\n\n\n\n<p>Le circuit f\u00e9d\u00e9ral r\u00e9pond \u00e0 un cahier des charges que chaque organisateur s\u2019engage \u00e0 observer. L\u2019\u00e9valuation des dossiers se fait sur cette base.<\/p>\n\n\n\n<p>Le cahier des charges est disponible en bas de page.<\/p>\n\n\n\n<h3 class=\"wp-block-heading\">Comment candidater&nbsp;?<\/h3>\n\n\n\n<p>L\u2019appel \u00e0 candidature est ouvert chaque ann\u00e9e de juillet \u00e0 septembre. Mais une Rando Verte, c\u2019est plusieurs mois de pr\u00e9paration. Alors, n\u2019attendez pas et prenez contact d\u00e8s maintenant&nbsp;!<\/p>\n\n\n\n<p><a href=\"mailto:christine.pradere@ffroller.fr\">christine.pradere@ffroller.fr<\/a>&nbsp;\u2013&nbsp;<a href=\"tel:+33556336538\">05 56 33 65 38<\/a><\/p>\n\n\n\n<h3 class=\"wp-block-heading\">Les circuits r\u00e9gionaux \u00ab&nbsp;Rando Verte Roller&nbsp;\u00a9&nbsp;\u00bb<\/h3>\n\n\n\n<p>Depuis 2014, les Ligues sont elles aussi habilit\u00e9es \u00e0 d\u00e9livrer le label \u00ab&nbsp;Rando Verte Roller\u00a9&nbsp;\u00bb. Chaque \u00e9tape constitue le circuit r\u00e9gional randonn\u00e9e.<\/p>\n\n\n\n<p><a href=\"https:\/\/ffroller-skateboard.fr\/les-disciplines\/randonnee_roller\/outils_dirigeants_randonnee_roller\/#tablist1-tab2\">Retrouvez toutes les informations sur les circuits r\u00e9gionaux<\/a><\/p>\n\n\n\n<figure class=\"wp-block-table\"><table><thead><tr><th>Title<\/th><th>Size<\/th><th>Date modified<\/th><th>Download<\/th><\/tr><\/thead><tbody><tr><td><a href=\"https:\/\/ffroller-skateboard.fr\/download\/1351\/rando-verte-roller\/10756\/rando-verte-roller-regional-cahier-des-charges.pdf\">&nbsp;RVR &#8211; Cahier des charges &#8211; Circuit R\u00e9gional<\/a><\/td><td>1.78 MB<\/td><td>09-12-2015<\/td><td><a href=\"https:\/\/ffroller-skateboard.fr\/download\/1351\/rando-verte-roller\/10756\/rando-verte-roller-regional-cahier-des-charges.pdf\">Download<\/a><a href=\"https:\/\/ffroller-skateboard.fr\/wp-admin\/admin-ajax.php?juwpfisadmin=false&amp;action=wpfd&amp;task=file.download&amp;wpfd_category_id=1351&amp;wpfd_file_id=10756&amp;token=&amp;preview=1\" target=\"_blank\" rel=\"noreferrer noopener\">Preview&nbsp;<\/a><\/td><\/tr><tr><td><a href=\"https:\/\/ffroller-skateboard.fr\/download\/1351\/rando-verte-roller\/9517\/cahierdescharges2011-2.pdf\">&nbsp;RVR &#8211; Cahier des charges &#8211; Circuit National<\/a><\/td><td>112.67 KB<\/td><td>09-12-2015<\/td><td><a href=\"https:\/\/ffroller-skateboard.fr\/download\/1351\/rando-verte-roller\/9517\/cahierdescharges2011-2.pdf\">Download<\/a><a href=\"https:\/\/ffroller-skateboard.fr\/wp-admin\/admin-ajax.php?juwpfisadmin=false&amp;action=wpfd&amp;task=file.download&amp;wpfd_category_id=1351&amp;wpfd_file_id=9517&amp;token=&amp;preview=1\" target=\"_blank\" rel=\"noreferrer noopener\">Preview&nbsp;<\/a><\/td><\/tr><\/tbody><\/table><\/figure>\n","protected":false},"excerpt":{"rendered":"<p>\u00ab&nbsp;Les plus belles randonn\u00e9es au c\u0153ur des plus beaux paysages&nbsp;\u00bb Chaque ann\u00e9e, le circuit \u00ab&nbsp;Rando Verte Roller\u00a9&nbsp;\u00bb et sa quinzaine d\u2019\u00e9tapes, f\u00e9d\u00e8rent plus de 3 000 patineurs venus pratiquer leur sport en pleine nature. Ces randonn\u00e9es se d\u00e9roulent, pour l\u2019essentiel, hors du cadre urbain, le plus souvent sur voies vertes ou routes s\u00e9curis\u00e9es. Chaque \u00e9v\u00e9nement [&hellip;]<\/p>\n","protected":false},"author":1,"featured_media":0,"parent":0,"menu_order":0,"comment_status":"closed","ping_status":"closed","template":"","meta":{"ocean_post_layout":"","ocean_both_sidebars_style":"","ocean_both_sidebars_content_width":0,"ocean_both_sidebars_sidebars_width":0,"ocean_sidebar":"0","ocean_second_sidebar":"0","ocean_disable_margins":"enable","ocean_add_body_class":"","ocean_shortcode_before_top_bar":"","ocean_shortcode_after_top_bar":"","ocean_shortcode_before_header":"","ocean_shortcode_after_header":"","ocean_has_shortcode":"","ocean_shortcode_after_title":"","ocean_shortcode_before_footer_widgets":"","ocean_shortcode_after_footer_widgets":"","ocean_shortcode_before_footer_bottom":"","ocean_shortcode_after_footer_bottom":"","ocean_display_top_bar":"default","ocean_display_header":"default","ocean_header_style":"","ocean_center_header_left_menu":"0","ocean_custom_header_template":"0","ocean_custom_logo":0,"ocean_custom_retina_logo":0,"ocean_custom_logo_max_width":0,"ocean_custom_logo_tablet_max_width":0,"ocean_custom_logo_mobile_max_width":0,"ocean_custom_logo_max_height":0,"ocean_custom_logo_tablet_max_height":0,"ocean_custom_logo_mobile_max_height":0,"ocean_header_custom_menu":"0","ocean_menu_typo_font_family":"0","ocean_menu_typo_font_subset":"","ocean_menu_typo_font_size":0,"ocean_menu_typo_font_size_tablet":0,"ocean_menu_typo_font_size_mobile":0,"ocean_menu_typo_font_size_unit":"px","ocean_menu_typo_font_weight":"","ocean_menu_typo_font_weight_tablet":"","ocean_menu_typo_font_weight_mobile":"","ocean_menu_typo_transform":"","ocean_menu_typo_transform_tablet":"","ocean_menu_typo_transform_mobile":"","ocean_menu_typo_line_height":0,"ocean_menu_typo_line_height_tablet":0,"ocean_menu_typo_line_height_mobile":0,"ocean_menu_typo_line_height_unit":"","ocean_menu_typo_spacing":0,"ocean_menu_typo_spacing_tablet":0,"ocean_menu_typo_spacing_mobile":0,"ocean_menu_typo_spacing_unit":"","ocean_menu_link_color":"","ocean_menu_link_color_hover":"","ocean_menu_link_color_active":"","ocean_menu_link_background":"","ocean_menu_link_hover_background":"","ocean_menu_link_active_background":"","ocean_menu_social_links_bg":"","ocean_menu_social_hover_links_bg":"","ocean_menu_social_links_color":"","ocean_menu_social_hover_links_color":"","ocean_disable_title":"default","ocean_disable_heading":"default","ocean_post_title":"","ocean_post_subheading":"","ocean_post_title_style":"","ocean_post_title_background_color":"","ocean_post_title_background":0,"ocean_post_title_bg_image_position":"","ocean_post_title_bg_image_attachment":"","ocean_post_title_bg_image_repeat":"","ocean_post_title_bg_image_size":"","ocean_post_title_height":0,"ocean_post_title_bg_overlay":0.5,"ocean_post_title_bg_overlay_color":"","ocean_disable_breadcrumbs":"default","ocean_breadcrumbs_color":"","ocean_breadcrumbs_separator_color":"","ocean_breadcrumbs_links_color":"","ocean_breadcrumbs_links_hover_color":"","ocean_display_footer_widgets":"default","ocean_display_footer_bottom":"default","ocean_custom_footer_template":"0","footnotes":""},"class_list":["post-177","page","type-page","status-publish","hentry","entry"],"_links":{"self":[{"href":"https:\/\/randaura.fr\/index.php\/wp-json\/wp\/v2\/pages\/177","targetHints":{"allow":["GET"]}}],"collection":[{"href":"https:\/\/randaura.fr\/index.php\/wp-json\/wp\/v2\/pages"}],"about":[{"href":"https:\/\/randaura.fr\/index.php\/wp-json\/wp\/v2\/types\/page"}],"author":[{"embeddable":true,"href":"https:\/\/randaura.fr\/index.php\/wp-json\/wp\/v2\/users\/1"}],"replies":[{"embeddable":true,"href":"https:\/\/randaura.fr\/index.php\/wp-json\/wp\/v2\/comments?post=177"}],"version-history":[{"count":1,"href":"https:\/\/randaura.fr\/index.php\/wp-json\/wp\/v2\/pages\/177\/revisions"}],"predecessor-version":[{"id":178,"href":"https:\/\/randaura.fr\/index.php\/wp-json\/wp\/v2\/pages\/177\/revisions\/178"}],"wp:attachment":[{"href":"https:\/\/randaura.fr\/index.php\/wp-json\/wp\/v2\/media?parent=177"}],"curies":[{"name":"wp","href":"https:\/\/api.w.org\/{rel}","templated":true}]}}