{"id":1729,"date":"2026-02-26T22:58:50","date_gmt":"2026-02-26T21:58:50","guid":{"rendered":"https:\/\/randaura.fr\/?page_id=1729"},"modified":"2026-02-26T22:58:50","modified_gmt":"2026-02-26T21:58:50","slug":"randaura-2024","status":"publish","type":"page","link":"https:\/\/randaura.fr\/index.php\/randaura-2024\/","title":{"rendered":"Rand&rsquo;AuRA 2024"},"content":{"rendered":"\t\t<div data-elementor-type=\"wp-page\" data-elementor-id=\"1729\" class=\"elementor elementor-1729\">\n\t\t\t\t\t\t<section class=\"elementor-section elementor-top-section elementor-element elementor-element-5dc51589 elementor-section-boxed elementor-section-height-default elementor-section-height-default\" data-id=\"5dc51589\" data-element_type=\"section\" data-e-type=\"section\">\n\t\t\t\t\t\t<div class=\"elementor-container elementor-column-gap-default\">\n\t\t\t\t\t<div class=\"elementor-column elementor-col-50 elementor-top-column elementor-element elementor-element-be019b6\" data-id=\"be019b6\" data-element_type=\"column\" data-e-type=\"column\">\n\t\t\t<div class=\"elementor-widget-wrap elementor-element-populated\">\n\t\t\t\t\t\t<div class=\"elementor-element elementor-element-26dc7f30 elementor-widget elementor-widget-text-editor\" data-id=\"26dc7f30\" data-element_type=\"widget\" data-e-type=\"widget\" data-widget_type=\"text-editor.default\">\n\t\t\t\t<div class=\"elementor-widget-container\">\n\t\t\t\t\t\t\t\t\t<p><span style=\"vertical-align: inherit;\"><span style=\"vertical-align: inherit;\">Merci au <\/span><\/span><a href=\"https:\/\/www.hcvoiron.fr\"><span style=\"vertical-align: inherit;\"><span style=\"vertical-align: inherit;\">Hockey Club Voiron<\/span><\/span><\/a><span style=\"vertical-align: inherit;\"><span style=\"vertical-align: inherit;\"> et \u00e0 la <\/span><\/span><a href=\"https:\/\/ligueauraroller.fr\"><span style=\"vertical-align: inherit;\"><span style=\"vertical-align: inherit;\">ligue Auvergne Rh\u00f4ne-Alpes Roller &amp; Skateboard<\/span><\/span><\/a><span style=\"vertical-align: inherit;\"><span style=\"vertical-align: inherit;\"> , pour l&rsquo;organisation de la Rand&rsquo;AuRA 2024. Merci aux staffeurs qui ont r\u00e9pondu pr\u00e9sents pour s\u00e9curiser les parcours dans la plaine de Moirans et sur les berges de l&rsquo;Is\u00e8re.<\/span><\/span><\/p>\t\t\t\t\t\t\t\t<\/div>\n\t\t\t\t<\/div>\n\t\t\t\t<div class=\"elementor-element elementor-element-236bda57 elementor-align-center elementor-widget elementor-widget-button\" data-id=\"236bda57\" data-element_type=\"widget\" data-e-type=\"widget\" data-widget_type=\"button.default\">\n\t\t\t\t<div class=\"elementor-widget-container\">\n\t\t\t\t\t\t\t\t\t<div class=\"elementor-button-wrapper\">\n\t\t\t\t\t<a class=\"elementor-button elementor-button-link elementor-size-sm\" href=\"https:\/\/randaura.fr\/index.php\/parcours-2024\/\" target=\"_blank\">\n\t\t\t\t\t\t<span class=\"elementor-button-content-wrapper\">\n\t\t\t\t\t\t<span class=\"elementor-button-icon\">\n\t\t\t\t<i aria-hidden=\"true\" class=\"far fa-arrow-alt-circle-right\"><\/i>\t\t\t<\/span>\n\t\t\t\t\t\t\t\t\t<span class=\"elementor-button-text\">parcours <\/span>\n\t\t\t\t\t<\/span>\n\t\t\t\t\t<\/a>\n\t\t\t\t<\/div>\n\t\t\t\t\t\t\t\t<\/div>\n\t\t\t\t<\/div>\n\t\t\t\t<div class=\"elementor-element elementor-element-7fb0729 elementor-widget elementor-widget-image\" data-id=\"7fb0729\" data-element_type=\"widget\" data-e-type=\"widget\" data-widget_type=\"image.default\">\n\t\t\t\t<div class=\"elementor-widget-container\">\n\t\t\t\t\t\t\t\t\t\t\t\t\t\t\t<img fetchpriority=\"high\" decoding=\"async\" width=\"724\" height=\"1024\" src=\"https:\/\/randaura.fr\/wp-content\/uploads\/2024\/05\/affiche-randAura-724x1024.png\" class=\"attachment-large size-large wp-image-1258\" alt=\"\" srcset=\"https:\/\/randaura.fr\/wp-content\/uploads\/2024\/05\/affiche-randAura-724x1024.png 724w, https:\/\/randaura.fr\/wp-content\/uploads\/2024\/05\/affiche-randAura-212x300.png 212w, https:\/\/randaura.fr\/wp-content\/uploads\/2024\/05\/affiche-randAura-768x1087.png 768w, https:\/\/randaura.fr\/wp-content\/uploads\/2024\/05\/affiche-randAura.png 1080w\" sizes=\"(max-width: 724px) 100vw, 724px\" \/>\t\t\t\t\t\t\t\t\t\t\t\t\t\t\t<\/div>\n\t\t\t\t<\/div>\n\t\t\t\t\t<\/div>\n\t\t<\/div>\n\t\t\t\t<div class=\"elementor-column elementor-col-50 elementor-top-column elementor-element elementor-element-5f30f1b9\" data-id=\"5f30f1b9\" data-element_type=\"column\" data-e-type=\"column\">\n\t\t\t<div class=\"elementor-widget-wrap elementor-element-populated\">\n\t\t\t\t\t\t<div class=\"elementor-element elementor-element-2a874d2b elementor-widget elementor-widget-image\" data-id=\"2a874d2b\" data-element_type=\"widget\" data-e-type=\"widget\" data-widget_type=\"image.default\">\n\t\t\t\t<div class=\"elementor-widget-container\">\n\t\t\t\t\t\t\t\t\t\t\t\t\t\t\t<img decoding=\"async\" width=\"1024\" height=\"473\" src=\"https:\/\/randaura.fr\/wp-content\/uploads\/2025\/03\/01-rando24-1024x473.jpg\" class=\"attachment-large size-large wp-image-1671\" alt=\"\" srcset=\"https:\/\/randaura.fr\/wp-content\/uploads\/2025\/03\/01-rando24-1024x473.jpg 1024w, https:\/\/randaura.fr\/wp-content\/uploads\/2025\/03\/01-rando24-300x138.jpg 300w, https:\/\/randaura.fr\/wp-content\/uploads\/2025\/03\/01-rando24-768x354.jpg 768w, https:\/\/randaura.fr\/wp-content\/uploads\/2025\/03\/01-rando24-1536x709.jpg 1536w, https:\/\/randaura.fr\/wp-content\/uploads\/2025\/03\/01-rando24.jpg 2048w\" sizes=\"(max-width: 1024px) 100vw, 1024px\" \/>\t\t\t\t\t\t\t\t\t\t\t\t\t\t\t<\/div>\n\t\t\t\t<\/div>\n\t\t\t\t<div class=\"elementor-element elementor-element-6073ca00 elementor-widget elementor-widget-image\" data-id=\"6073ca00\" data-element_type=\"widget\" data-e-type=\"widget\" data-widget_type=\"image.default\">\n\t\t\t\t<div class=\"elementor-widget-container\">\n\t\t\t\t\t\t\t\t\t\t\t\t\t\t\t<img decoding=\"async\" width=\"1024\" height=\"515\" src=\"https:\/\/randaura.fr\/wp-content\/uploads\/2025\/03\/035-rando24-1024x515.jpg\" class=\"attachment-large size-large wp-image-1722\" alt=\"\" srcset=\"https:\/\/randaura.fr\/wp-content\/uploads\/2025\/03\/035-rando24-1024x515.jpg 1024w, https:\/\/randaura.fr\/wp-content\/uploads\/2025\/03\/035-rando24-300x151.jpg 300w, https:\/\/randaura.fr\/wp-content\/uploads\/2025\/03\/035-rando24-768x386.jpg 768w, https:\/\/randaura.fr\/wp-content\/uploads\/2025\/03\/035-rando24.jpg 1211w\" sizes=\"(max-width: 1024px) 100vw, 1024px\" \/>\t\t\t\t\t\t\t\t\t\t\t\t\t\t\t<\/div>\n\t\t\t\t<\/div>\n\t\t\t\t<div class=\"elementor-element elementor-element-3bb4f751 elementor-widget elementor-widget-image\" data-id=\"3bb4f751\" data-element_type=\"widget\" data-e-type=\"widget\" data-widget_type=\"image.default\">\n\t\t\t\t<div class=\"elementor-widget-container\">\n\t\t\t\t\t\t\t\t\t\t\t\t\t\t\t<img loading=\"lazy\" decoding=\"async\" width=\"1024\" height=\"461\" src=\"https:\/\/randaura.fr\/wp-content\/uploads\/2025\/03\/02-rando24-1024x461.jpg\" class=\"attachment-large size-large wp-image-1708\" alt=\"\" srcset=\"https:\/\/randaura.fr\/wp-content\/uploads\/2025\/03\/02-rando24-1024x461.jpg 1024w, https:\/\/randaura.fr\/wp-content\/uploads\/2025\/03\/02-rando24-300x135.jpg 300w, https:\/\/randaura.fr\/wp-content\/uploads\/2025\/03\/02-rando24-768x346.jpg 768w, https:\/\/randaura.fr\/wp-content\/uploads\/2025\/03\/02-rando24-1536x691.jpg 1536w, https:\/\/randaura.fr\/wp-content\/uploads\/2025\/03\/02-rando24.jpg 1600w\" sizes=\"(max-width: 1024px) 100vw, 1024px\" \/>\t\t\t\t\t\t\t\t\t\t\t\t\t\t\t<\/div>\n\t\t\t\t<\/div>\n\t\t\t\t<div class=\"elementor-element elementor-element-5aade99c elementor-widget elementor-widget-image\" data-id=\"5aade99c\" data-element_type=\"widget\" data-e-type=\"widget\" data-widget_type=\"image.default\">\n\t\t\t\t<div class=\"elementor-widget-container\">\n\t\t\t\t\t\t\t\t\t\t\t\t\t\t\t<img loading=\"lazy\" decoding=\"async\" width=\"1024\" height=\"473\" src=\"https:\/\/randaura.fr\/wp-content\/uploads\/2025\/03\/07-rando24-1024x473.jpg\" class=\"attachment-large size-large wp-image-1686\" alt=\"\" srcset=\"https:\/\/randaura.fr\/wp-content\/uploads\/2025\/03\/07-rando24-1024x473.jpg 1024w, https:\/\/randaura.fr\/wp-content\/uploads\/2025\/03\/07-rando24-300x138.jpg 300w, https:\/\/randaura.fr\/wp-content\/uploads\/2025\/03\/07-rando24-768x354.jpg 768w, https:\/\/randaura.fr\/wp-content\/uploads\/2025\/03\/07-rando24-1536x709.jpg 1536w, https:\/\/randaura.fr\/wp-content\/uploads\/2025\/03\/07-rando24.jpg 2048w\" sizes=\"(max-width: 1024px) 100vw, 1024px\" \/>\t\t\t\t\t\t\t\t\t\t\t\t\t\t\t<\/div>\n\t\t\t\t<\/div>\n\t\t\t\t\t<\/div>\n\t\t<\/div>\n\t\t\t\t\t<\/div>\n\t\t<\/section>\n\t\t\t\t<section class=\"elementor-section elementor-top-section elementor-element elementor-element-366e26cd elementor-section-boxed elementor-section-height-default elementor-section-height-default\" data-id=\"366e26cd\" data-element_type=\"section\" data-e-type=\"section\">\n\t\t\t\t\t\t<div class=\"elementor-container elementor-column-gap-default\">\n\t\t\t\t\t<div class=\"elementor-column elementor-col-50 elementor-top-column elementor-element elementor-element-1b799798\" data-id=\"1b799798\" data-element_type=\"column\" data-e-type=\"column\">\n\t\t\t<div class=\"elementor-widget-wrap elementor-element-populated\">\n\t\t\t\t\t\t<div class=\"elementor-element elementor-element-2cd586f1 elementor-widget elementor-widget-image\" data-id=\"2cd586f1\" data-element_type=\"widget\" data-e-type=\"widget\" data-widget_type=\"image.default\">\n\t\t\t\t<div class=\"elementor-widget-container\">\n\t\t\t\t\t\t\t\t\t\t\t\t\t\t\t<img loading=\"lazy\" decoding=\"async\" width=\"1024\" height=\"512\" src=\"https:\/\/randaura.fr\/wp-content\/uploads\/2025\/03\/011-rando24-1024x512.jpg\" class=\"attachment-large size-large wp-image-1688\" alt=\"\" srcset=\"https:\/\/randaura.fr\/wp-content\/uploads\/2025\/03\/011-rando24-1024x512.jpg 1024w, https:\/\/randaura.fr\/wp-content\/uploads\/2025\/03\/011-rando24-300x150.jpg 300w, https:\/\/randaura.fr\/wp-content\/uploads\/2025\/03\/011-rando24-768x384.jpg 768w, https:\/\/randaura.fr\/wp-content\/uploads\/2025\/03\/011-rando24-1536x768.jpg 1536w, https:\/\/randaura.fr\/wp-content\/uploads\/2025\/03\/011-rando24.jpg 1718w\" sizes=\"(max-width: 1024px) 100vw, 1024px\" \/>\t\t\t\t\t\t\t\t\t\t\t\t\t\t\t<\/div>\n\t\t\t\t<\/div>\n\t\t\t\t\t<\/div>\n\t\t<\/div>\n\t\t\t\t<div class=\"elementor-column elementor-col-50 elementor-top-column elementor-element elementor-element-7d66220\" data-id=\"7d66220\" data-element_type=\"column\" data-e-type=\"column\">\n\t\t\t<div class=\"elementor-widget-wrap elementor-element-populated\">\n\t\t\t\t\t\t<div class=\"elementor-element elementor-element-6741d7d5 elementor-widget elementor-widget-image\" data-id=\"6741d7d5\" data-element_type=\"widget\" data-e-type=\"widget\" data-widget_type=\"image.default\">\n\t\t\t\t<div class=\"elementor-widget-container\">\n\t\t\t\t\t\t\t\t\t\t\t\t\t\t\t<img loading=\"lazy\" decoding=\"async\" width=\"1024\" height=\"512\" src=\"https:\/\/randaura.fr\/wp-content\/uploads\/2025\/03\/042-rando24-1024x512.jpg\" class=\"attachment-large size-large wp-image-1684\" alt=\"\" srcset=\"https:\/\/randaura.fr\/wp-content\/uploads\/2025\/03\/042-rando24-1024x512.jpg 1024w, https:\/\/randaura.fr\/wp-content\/uploads\/2025\/03\/042-rando24-300x150.jpg 300w, https:\/\/randaura.fr\/wp-content\/uploads\/2025\/03\/042-rando24-768x384.jpg 768w, https:\/\/randaura.fr\/wp-content\/uploads\/2025\/03\/042-rando24.jpg 1348w\" sizes=\"(max-width: 1024px) 100vw, 1024px\" \/>\t\t\t\t\t\t\t\t\t\t\t\t\t\t\t<\/div>\n\t\t\t\t<\/div>\n\t\t\t\t\t<\/div>\n\t\t<\/div>\n\t\t\t\t\t<\/div>\n\t\t<\/section>\n\t\t\t\t<\/div>\n\t\t","protected":false},"excerpt":{"rendered":"<p>Merci au Hockey Club Voiron et \u00e0 la ligue Auvergne Rh\u00f4ne-Alpes Roller &amp; Skateboard , pour l&rsquo;organisation de la Rand&rsquo;AuRA 2024. Merci aux staffeurs qui ont r\u00e9pondu pr\u00e9sents pour s\u00e9curiser les parcours dans la plaine de Moirans et sur les berges de l&rsquo;Is\u00e8re. parcours<\/p>\n","protected":false},"author":1,"featured_media":0,"parent":0,"menu_order":0,"comment_status":"closed","ping_status":"closed","template":"","meta":{"ocean_post_layout":"","ocean_both_sidebars_style":"","ocean_both_sidebars_content_width":0,"ocean_both_sidebars_sidebars_width":0,"ocean_sidebar":"","ocean_second_sidebar":"","ocean_disable_margins":"enable","ocean_add_body_class":"","ocean_shortcode_before_top_bar":"","ocean_shortcode_after_top_bar":"","ocean_shortcode_before_header":"","ocean_shortcode_after_header":"","ocean_has_shortcode":"","ocean_shortcode_after_title":"","ocean_shortcode_before_footer_widgets":"","ocean_shortcode_after_footer_widgets":"","ocean_shortcode_before_footer_bottom":"","ocean_shortcode_after_footer_bottom":"","ocean_display_top_bar":"default","ocean_display_header":"default","ocean_header_style":"","ocean_center_header_left_menu":"","ocean_custom_header_template":"","ocean_custom_logo":0,"ocean_custom_retina_logo":0,"ocean_custom_logo_max_width":0,"ocean_custom_logo_tablet_max_width":0,"ocean_custom_logo_mobile_max_width":0,"ocean_custom_logo_max_height":0,"ocean_custom_logo_tablet_max_height":0,"ocean_custom_logo_mobile_max_height":0,"ocean_header_custom_menu":"","ocean_menu_typo_font_family":"","ocean_menu_typo_font_subset":"","ocean_menu_typo_font_size":0,"ocean_menu_typo_font_size_tablet":0,"ocean_menu_typo_font_size_mobile":0,"ocean_menu_typo_font_size_unit":"px","ocean_menu_typo_font_weight":"","ocean_menu_typo_font_weight_tablet":"","ocean_menu_typo_font_weight_mobile":"","ocean_menu_typo_transform":"","ocean_menu_typo_transform_tablet":"","ocean_menu_typo_transform_mobile":"","ocean_menu_typo_line_height":0,"ocean_menu_typo_line_height_tablet":0,"ocean_menu_typo_line_height_mobile":0,"ocean_menu_typo_line_height_unit":"","ocean_menu_typo_spacing":0,"ocean_menu_typo_spacing_tablet":0,"ocean_menu_typo_spacing_mobile":0,"ocean_menu_typo_spacing_unit":"","ocean_menu_link_color":"","ocean_menu_link_color_hover":"","ocean_menu_link_color_active":"","ocean_menu_link_background":"","ocean_menu_link_hover_background":"","ocean_menu_link_active_background":"","ocean_menu_social_links_bg":"","ocean_menu_social_hover_links_bg":"","ocean_menu_social_links_color":"","ocean_menu_social_hover_links_color":"","ocean_disable_title":"default","ocean_disable_heading":"default","ocean_post_title":"","ocean_post_subheading":"","ocean_post_title_style":"","ocean_post_title_background_color":"","ocean_post_title_background":0,"ocean_post_title_bg_image_position":"","ocean_post_title_bg_image_attachment":"","ocean_post_title_bg_image_repeat":"","ocean_post_title_bg_image_size":"","ocean_post_title_height":0,"ocean_post_title_bg_overlay":0.5,"ocean_post_title_bg_overlay_color":"","ocean_disable_breadcrumbs":"default","ocean_breadcrumbs_color":"","ocean_breadcrumbs_separator_color":"","ocean_breadcrumbs_links_color":"","ocean_breadcrumbs_links_hover_color":"","ocean_display_footer_widgets":"default","ocean_display_footer_bottom":"default","ocean_custom_footer_template":"","footnotes":""},"class_list":["post-1729","page","type-page","status-publish","hentry","entry"],"_links":{"self":[{"href":"https:\/\/randaura.fr\/index.php\/wp-json\/wp\/v2\/pages\/1729","targetHints":{"allow":["GET"]}}],"collection":[{"href":"https:\/\/randaura.fr\/index.php\/wp-json\/wp\/v2\/pages"}],"about":[{"href":"https:\/\/randaura.fr\/index.php\/wp-json\/wp\/v2\/types\/page"}],"author":[{"embeddable":true,"href":"https:\/\/randaura.fr\/index.php\/wp-json\/wp\/v2\/users\/1"}],"replies":[{"embeddable":true,"href":"https:\/\/randaura.fr\/index.php\/wp-json\/wp\/v2\/comments?post=1729"}],"version-history":[{"count":17,"href":"https:\/\/randaura.fr\/index.php\/wp-json\/wp\/v2\/pages\/1729\/revisions"}],"predecessor-version":[{"id":1788,"href":"https:\/\/randaura.fr\/index.php\/wp-json\/wp\/v2\/pages\/1729\/revisions\/1788"}],"wp:attachment":[{"href":"https:\/\/randaura.fr\/index.php\/wp-json\/wp\/v2\/media?parent=1729"}],"curies":[{"name":"wp","href":"https:\/\/api.w.org\/{rel}","templated":true}]}}