{"id":1409,"date":"2024-05-07T08:12:37","date_gmt":"2024-05-07T06:12:37","guid":{"rendered":"https:\/\/randaura.fr\/?page_id=1409"},"modified":"2025-03-02T13:39:32","modified_gmt":"2025-03-02T12:39:32","slug":"parcours-2024","status":"publish","type":"page","link":"https:\/\/randaura.fr\/index.php\/parcours-2024\/","title":{"rendered":"Parcours 2024"},"content":{"rendered":"\t\t<div data-elementor-type=\"wp-page\" data-elementor-id=\"1409\" class=\"elementor elementor-1409\">\n\t\t\t\t\t\t<section class=\"elementor-section elementor-top-section elementor-element elementor-element-29d68df8 elementor-section-boxed elementor-section-height-default elementor-section-height-default\" data-id=\"29d68df8\" data-element_type=\"section\" data-e-type=\"section\">\n\t\t\t\t\t\t<div class=\"elementor-container elementor-column-gap-default\">\n\t\t\t\t\t<div class=\"elementor-column elementor-col-50 elementor-top-column elementor-element elementor-element-1cfcd778\" data-id=\"1cfcd778\" data-element_type=\"column\" data-e-type=\"column\">\n\t\t\t<div class=\"elementor-widget-wrap elementor-element-populated\">\n\t\t\t\t\t\t<div class=\"elementor-element elementor-element-6c379933 elementor-widget elementor-widget-heading\" data-id=\"6c379933\" data-element_type=\"widget\" data-e-type=\"widget\" data-widget_type=\"heading.default\">\n\t\t\t\t<div class=\"elementor-widget-container\">\n\t\t\t\t\t<h2 class=\"elementor-heading-title elementor-size-default\">PARCOURS 11 KM<\/h2>\t\t\t\t<\/div>\n\t\t\t\t<\/div>\n\t\t\t\t<div class=\"elementor-element elementor-element-5f5754f5 elementor-widget__width-initial elementor-widget elementor-widget-text-editor\" data-id=\"5f5754f5\" data-element_type=\"widget\" data-e-type=\"widget\" data-widget_type=\"text-editor.default\">\n\t\t\t\t<div class=\"elementor-widget-container\">\n\t\t\t\t\t\t\t\t\t<p><span style=\"font-family: Roboto, sans-serif; font-size: 14px; font-style: normal; font-variant-ligatures: normal; font-variant-caps: normal; font-weight: 400;\"><span style=\"vertical-align: inherit;\"><span style=\"vertical-align: inherit;\">Parcours D\u00e9couverte : randonn\u00e9e \u00ab\u00a0familiale\u00a0\u00bb ouverte aux enfants. Le circuit forme une boucle en d\u00e9couvrant d&rsquo;abord la plaine de Moirans. Il se prolonge ensuite sur les berges de l&rsquo;Is\u00e8re avant de revenir au Gymnase Pierre B\u00e9ghin. 11 km de randonn\u00e9e accessibles \u00e0 tous.<\/span><\/span><\/span><\/p>\t\t\t\t\t\t\t\t<\/div>\n\t\t\t\t<\/div>\n\t\t\t\t<div class=\"elementor-element elementor-element-c7703a7 elementor-widget elementor-widget-image\" data-id=\"c7703a7\" data-element_type=\"widget\" data-e-type=\"widget\" data-widget_type=\"image.default\">\n\t\t\t\t<div class=\"elementor-widget-container\">\n\t\t\t\t\t\t\t\t\t\t\t\t\t\t\t<img fetchpriority=\"high\" decoding=\"async\" width=\"1024\" height=\"740\" src=\"https:\/\/randaura.fr\/wp-content\/uploads\/2024\/05\/11-km-1024x740.jpg\" class=\"attachment-large size-large wp-image-1453\" alt=\"\" srcset=\"https:\/\/randaura.fr\/wp-content\/uploads\/2024\/05\/11-km-1024x740.jpg 1024w, https:\/\/randaura.fr\/wp-content\/uploads\/2024\/05\/11-km-300x217.jpg 300w, https:\/\/randaura.fr\/wp-content\/uploads\/2024\/05\/11-km-768x555.jpg 768w, https:\/\/randaura.fr\/wp-content\/uploads\/2024\/05\/11-km.jpg 1165w\" sizes=\"(max-width: 1024px) 100vw, 1024px\" \/>\t\t\t\t\t\t\t\t\t\t\t\t\t\t\t<\/div>\n\t\t\t\t<\/div>\n\t\t\t\t\t<\/div>\n\t\t<\/div>\n\t\t\t\t<div class=\"elementor-column elementor-col-50 elementor-top-column elementor-element elementor-element-5ee46b05\" data-id=\"5ee46b05\" data-element_type=\"column\" data-e-type=\"column\">\n\t\t\t<div class=\"elementor-widget-wrap elementor-element-populated\">\n\t\t\t\t\t\t<div class=\"elementor-element elementor-element-7eb9ae98 elementor-widget elementor-widget-heading\" data-id=\"7eb9ae98\" data-element_type=\"widget\" data-e-type=\"widget\" data-widget_type=\"heading.default\">\n\t\t\t\t<div class=\"elementor-widget-container\">\n\t\t\t\t\t<h2 class=\"elementor-heading-title elementor-size-default\">PARCOURS 22 KM<\/h2>\t\t\t\t<\/div>\n\t\t\t\t<\/div>\n\t\t\t\t<div class=\"elementor-element elementor-element-42f2d908 elementor-widget elementor-widget-text-editor\" data-id=\"42f2d908\" data-element_type=\"widget\" data-e-type=\"widget\" data-widget_type=\"text-editor.default\">\n\t\t\t\t<div class=\"elementor-widget-container\">\n\t\t\t\t\t\t\t\t\t<p><span style=\"font-family: Roboto, sans-serif; font-size: 14px; font-style: normal; font-variant-ligatures: normal; font-variant-caps: normal; font-weight: 400;\"><span style=\"vertical-align: inherit;\"><span style=\"vertical-align: inherit;\">Parcours bleu de 22 km sans difficult\u00e9. Ce circuit s&rsquo;enfonce dans la plaine de Moirans et Tullins \u00e0 travers les productions maraich\u00e8res et les les noyeraies. Le retour s&rsquo;effectue par la voie verte des berges de l&rsquo;Is\u00e8re. Id\u00e9al pour une promenade bucolique.<\/span><\/span><\/span><\/p>\t\t\t\t\t\t\t\t<\/div>\n\t\t\t\t<\/div>\n\t\t\t\t<div class=\"elementor-element elementor-element-7afc2c4 elementor-widget elementor-widget-image\" data-id=\"7afc2c4\" data-element_type=\"widget\" data-e-type=\"widget\" data-widget_type=\"image.default\">\n\t\t\t\t<div class=\"elementor-widget-container\">\n\t\t\t\t\t\t\t\t\t\t\t\t\t\t\t<img decoding=\"async\" width=\"1024\" height=\"706\" src=\"https:\/\/randaura.fr\/wp-content\/uploads\/2024\/05\/22-2-km-1024x706.jpg\" class=\"attachment-large size-large wp-image-1469\" alt=\"\" srcset=\"https:\/\/randaura.fr\/wp-content\/uploads\/2024\/05\/22-2-km-1024x706.jpg 1024w, https:\/\/randaura.fr\/wp-content\/uploads\/2024\/05\/22-2-km-300x207.jpg 300w, https:\/\/randaura.fr\/wp-content\/uploads\/2024\/05\/22-2-km-768x530.jpg 768w, https:\/\/randaura.fr\/wp-content\/uploads\/2024\/05\/22-2-km.jpg 1440w\" sizes=\"(max-width: 1024px) 100vw, 1024px\" \/>\t\t\t\t\t\t\t\t\t\t\t\t\t\t\t<\/div>\n\t\t\t\t<\/div>\n\t\t\t\t\t<\/div>\n\t\t<\/div>\n\t\t\t\t\t<\/div>\n\t\t<\/section>\n\t\t\t\t<section class=\"elementor-section elementor-top-section elementor-element elementor-element-7d784bd5 elementor-section-boxed elementor-section-height-default elementor-section-height-default\" data-id=\"7d784bd5\" data-element_type=\"section\" data-e-type=\"section\">\n\t\t\t\t\t\t<div class=\"elementor-container elementor-column-gap-default\">\n\t\t\t\t\t<div class=\"elementor-column elementor-col-50 elementor-top-column elementor-element elementor-element-42f3df6c\" data-id=\"42f3df6c\" data-element_type=\"column\" data-e-type=\"column\">\n\t\t\t<div class=\"elementor-widget-wrap elementor-element-populated\">\n\t\t\t\t\t\t<div class=\"elementor-element elementor-element-22174d92 elementor-widget elementor-widget-heading\" data-id=\"22174d92\" data-element_type=\"widget\" data-e-type=\"widget\" data-widget_type=\"heading.default\">\n\t\t\t\t<div class=\"elementor-widget-container\">\n\t\t\t\t\t<h2 class=\"elementor-heading-title elementor-size-default\">PARCOURS 44 KM<\/h2>\t\t\t\t<\/div>\n\t\t\t\t<\/div>\n\t\t\t\t<div class=\"elementor-element elementor-element-e91397a elementor-widget elementor-widget-text-editor\" data-id=\"e91397a\" data-element_type=\"widget\" data-e-type=\"widget\" data-widget_type=\"text-editor.default\">\n\t\t\t\t<div class=\"elementor-widget-container\">\n\t\t\t\t\t\t\t\t\t<p><span style=\"font-family: Roboto, sans-serif; font-size: 14px; font-style: normal; font-variant-ligatures: normal; font-variant-caps: normal; font-weight: 400;\"><span style=\"vertical-align: inherit;\"><span style=\"vertical-align: inherit;\">Parcours rouge : Randonn\u00e9e pour patineurs(ses) entra\u00een\u00e9s(e)s. M\u00eame parcours que la randonn\u00e9e bleue, allong\u00e9 d&rsquo;un tron\u00e7on sur les berges de l&rsquo;Is\u00e8re dans un cadre naturel d&rsquo;o\u00f9 on peut apercevoir h\u00e9ron, gr\u00e8be, colvert, aigrette, cormoran, martin p\u00eacheur, bergeronnette.<\/span><\/span><\/span><\/p>\t\t\t\t\t\t\t\t<\/div>\n\t\t\t\t<\/div>\n\t\t\t\t<div class=\"elementor-element elementor-element-344d64a elementor-widget elementor-widget-image\" data-id=\"344d64a\" data-element_type=\"widget\" data-e-type=\"widget\" data-widget_type=\"image.default\">\n\t\t\t\t<div class=\"elementor-widget-container\">\n\t\t\t\t\t\t\t\t\t\t\t\t\t\t\t<img decoding=\"async\" width=\"1024\" height=\"668\" src=\"https:\/\/randaura.fr\/wp-content\/uploads\/2024\/05\/40-km-1024x668.jpg\" class=\"attachment-large size-large wp-image-1455\" alt=\"\" srcset=\"https:\/\/randaura.fr\/wp-content\/uploads\/2024\/05\/40-km-1024x668.jpg 1024w, https:\/\/randaura.fr\/wp-content\/uploads\/2024\/05\/40-km-300x196.jpg 300w, https:\/\/randaura.fr\/wp-content\/uploads\/2024\/05\/40-km-768x501.jpg 768w, https:\/\/randaura.fr\/wp-content\/uploads\/2024\/05\/40-km.jpg 1454w\" sizes=\"(max-width: 1024px) 100vw, 1024px\" \/>\t\t\t\t\t\t\t\t\t\t\t\t\t\t\t<\/div>\n\t\t\t\t<\/div>\n\t\t\t\t\t<\/div>\n\t\t<\/div>\n\t\t\t\t<div class=\"elementor-column elementor-col-50 elementor-top-column elementor-element elementor-element-14c9e3d6\" data-id=\"14c9e3d6\" data-element_type=\"column\" data-e-type=\"column\">\n\t\t\t<div class=\"elementor-widget-wrap elementor-element-populated\">\n\t\t\t\t\t\t<div class=\"elementor-element elementor-element-3a3eb23b elementor-widget elementor-widget-heading\" data-id=\"3a3eb23b\" data-element_type=\"widget\" data-e-type=\"widget\" data-widget_type=\"heading.default\">\n\t\t\t\t<div class=\"elementor-widget-container\">\n\t\t\t\t\t<h2 class=\"elementor-heading-title elementor-size-default\">PARCOURS 100 KM<\/h2>\t\t\t\t<\/div>\n\t\t\t\t<\/div>\n\t\t\t\t<div class=\"elementor-element elementor-element-79ca5b8b elementor-widget elementor-widget-text-editor\" data-id=\"79ca5b8b\" data-element_type=\"widget\" data-e-type=\"widget\" data-widget_type=\"text-editor.default\">\n\t\t\t\t<div class=\"elementor-widget-container\">\n\t\t\t\t\t\t\t\t\t<p><span style=\"font-family: Roboto, sans-serif; font-size: 14px; font-style: normal; font-variant-ligatures: normal; font-variant-caps: normal; font-weight: 400;\"><span style=\"vertical-align: inherit;\"><span style=\"vertical-align: inherit;\">D\u00e9fi noir : Le d\u00e9fi noir conduit les patineurs(ses) d&rsquo;abord <\/span><\/span><\/span><span style=\"font-family: Roboto, sans-serif; font-size: 14px; font-style: normal; font-variant-ligatures: normal; font-variant-caps: normal; font-weight: 400;\"><span style=\"vertical-align: inherit;\"><span style=\"vertical-align: inherit;\">\u00e0 Vinay, au Grand S\u00e9choir, maison du Pays de la Noix, puis il remonte les vall\u00e9es de l&rsquo;Is\u00e8re et du Drac jusqu&rsquo;au Pont Rouge (Pont Lesdigui\u00e8res). Parcours en AR pour des\u00a0 <\/span><\/span><\/span><span style=\"font-family: Roboto, sans-serif; font-size: 14px; font-style: normal; font-variant-ligatures: normal; font-variant-caps: normal; font-weight: 400; color: var( --e-global-color-text );\"><span style=\"vertical-align: inherit;\"><span style=\"vertical-align: inherit;\">patineurs(ses) <\/span><\/span><\/span><span style=\"font-family: Roboto, sans-serif; font-size: 14px; font-style: normal; font-variant-ligatures: normal; font-variant-caps: normal; font-weight: 400; color: var( --e-global-color-text );\"><span style=\"vertical-align: inherit;\"><span style=\"vertical-align: inherit;\">\u00a0exp\u00e9riment\u00e9(e)s et entra\u00een\u00e9(e)s. L&rsquo;inscription \u00e0 ce d\u00e9fi est limit\u00e9e \u00e0 10 personnes.<\/span><\/span><\/span><\/p>\t\t\t\t\t\t\t\t<\/div>\n\t\t\t\t<\/div>\n\t\t\t\t<div class=\"elementor-element elementor-element-4784e36 elementor-widget elementor-widget-image\" data-id=\"4784e36\" data-element_type=\"widget\" data-e-type=\"widget\" data-widget_type=\"image.default\">\n\t\t\t\t<div class=\"elementor-widget-container\">\n\t\t\t\t\t\t\t\t\t\t\t\t\t\t\t<img loading=\"lazy\" decoding=\"async\" width=\"1024\" height=\"644\" src=\"https:\/\/randaura.fr\/wp-content\/uploads\/2024\/05\/101-km-1024x644.jpg\" class=\"attachment-large size-large wp-image-1456\" alt=\"\" srcset=\"https:\/\/randaura.fr\/wp-content\/uploads\/2024\/05\/101-km-1024x644.jpg 1024w, https:\/\/randaura.fr\/wp-content\/uploads\/2024\/05\/101-km-300x189.jpg 300w, https:\/\/randaura.fr\/wp-content\/uploads\/2024\/05\/101-km-768x483.jpg 768w, https:\/\/randaura.fr\/wp-content\/uploads\/2024\/05\/101-km-1536x966.jpg 1536w, https:\/\/randaura.fr\/wp-content\/uploads\/2024\/05\/101-km.jpg 1608w\" sizes=\"(max-width: 1024px) 100vw, 1024px\" \/>\t\t\t\t\t\t\t\t\t\t\t\t\t\t\t<\/div>\n\t\t\t\t<\/div>\n\t\t\t\t\t<\/div>\n\t\t<\/div>\n\t\t\t\t\t<\/div>\n\t\t<\/section>\n\t\t\t\t<\/div>\n\t\t","protected":false},"excerpt":{"rendered":"<p>PARCOURS 11 KM Parcours D\u00e9couverte : randonn\u00e9e \u00ab\u00a0familiale\u00a0\u00bb ouverte aux enfants. Le circuit forme une boucle en d\u00e9couvrant d&rsquo;abord la plaine de Moirans. Il se prolonge ensuite sur les berges de l&rsquo;Is\u00e8re avant de revenir au Gymnase Pierre B\u00e9ghin. 11 km de randonn\u00e9e accessibles \u00e0 tous. PARCOURS 22 KM Parcours bleu de 22 km sans [&hellip;]<\/p>\n","protected":false},"author":1,"featured_media":0,"parent":0,"menu_order":0,"comment_status":"closed","ping_status":"closed","template":"elementor_canvas","meta":{"ocean_post_layout":"","ocean_both_sidebars_style":"","ocean_both_sidebars_content_width":0,"ocean_both_sidebars_sidebars_width":0,"ocean_sidebar":"","ocean_second_sidebar":"","ocean_disable_margins":"enable","ocean_add_body_class":"","ocean_shortcode_before_top_bar":"","ocean_shortcode_after_top_bar":"","ocean_shortcode_before_header":"","ocean_shortcode_after_header":"","ocean_has_shortcode":"","ocean_shortcode_after_title":"","ocean_shortcode_before_footer_widgets":"","ocean_shortcode_after_footer_widgets":"","ocean_shortcode_before_footer_bottom":"","ocean_shortcode_after_footer_bottom":"","ocean_display_top_bar":"default","ocean_display_header":"default","ocean_header_style":"","ocean_center_header_left_menu":"","ocean_custom_header_template":"","ocean_custom_logo":0,"ocean_custom_retina_logo":0,"ocean_custom_logo_max_width":0,"ocean_custom_logo_tablet_max_width":0,"ocean_custom_logo_mobile_max_width":0,"ocean_custom_logo_max_height":0,"ocean_custom_logo_tablet_max_height":0,"ocean_custom_logo_mobile_max_height":0,"ocean_header_custom_menu":"","ocean_menu_typo_font_family":"","ocean_menu_typo_font_subset":"","ocean_menu_typo_font_size":0,"ocean_menu_typo_font_size_tablet":0,"ocean_menu_typo_font_size_mobile":0,"ocean_menu_typo_font_size_unit":"px","ocean_menu_typo_font_weight":"","ocean_menu_typo_font_weight_tablet":"","ocean_menu_typo_font_weight_mobile":"","ocean_menu_typo_transform":"","ocean_menu_typo_transform_tablet":"","ocean_menu_typo_transform_mobile":"","ocean_menu_typo_line_height":0,"ocean_menu_typo_line_height_tablet":0,"ocean_menu_typo_line_height_mobile":0,"ocean_menu_typo_line_height_unit":"","ocean_menu_typo_spacing":0,"ocean_menu_typo_spacing_tablet":0,"ocean_menu_typo_spacing_mobile":0,"ocean_menu_typo_spacing_unit":"","ocean_menu_link_color":"","ocean_menu_link_color_hover":"","ocean_menu_link_color_active":"","ocean_menu_link_background":"","ocean_menu_link_hover_background":"","ocean_menu_link_active_background":"","ocean_menu_social_links_bg":"","ocean_menu_social_hover_links_bg":"","ocean_menu_social_links_color":"","ocean_menu_social_hover_links_color":"","ocean_disable_title":"default","ocean_disable_heading":"default","ocean_post_title":"","ocean_post_subheading":"","ocean_post_title_style":"","ocean_post_title_background_color":"","ocean_post_title_background":0,"ocean_post_title_bg_image_position":"","ocean_post_title_bg_image_attachment":"","ocean_post_title_bg_image_repeat":"","ocean_post_title_bg_image_size":"","ocean_post_title_height":0,"ocean_post_title_bg_overlay":0.5,"ocean_post_title_bg_overlay_color":"","ocean_disable_breadcrumbs":"default","ocean_breadcrumbs_color":"","ocean_breadcrumbs_separator_color":"","ocean_breadcrumbs_links_color":"","ocean_breadcrumbs_links_hover_color":"","ocean_display_footer_widgets":"default","ocean_display_footer_bottom":"default","ocean_custom_footer_template":"","footnotes":""},"class_list":["post-1409","page","type-page","status-publish","hentry","entry"],"_links":{"self":[{"href":"https:\/\/randaura.fr\/index.php\/wp-json\/wp\/v2\/pages\/1409","targetHints":{"allow":["GET"]}}],"collection":[{"href":"https:\/\/randaura.fr\/index.php\/wp-json\/wp\/v2\/pages"}],"about":[{"href":"https:\/\/randaura.fr\/index.php\/wp-json\/wp\/v2\/types\/page"}],"author":[{"embeddable":true,"href":"https:\/\/randaura.fr\/index.php\/wp-json\/wp\/v2\/users\/1"}],"replies":[{"embeddable":true,"href":"https:\/\/randaura.fr\/index.php\/wp-json\/wp\/v2\/comments?post=1409"}],"version-history":[{"count":61,"href":"https:\/\/randaura.fr\/index.php\/wp-json\/wp\/v2\/pages\/1409\/revisions"}],"predecessor-version":[{"id":1483,"href":"https:\/\/randaura.fr\/index.php\/wp-json\/wp\/v2\/pages\/1409\/revisions\/1483"}],"wp:attachment":[{"href":"https:\/\/randaura.fr\/index.php\/wp-json\/wp\/v2\/media?parent=1409"}],"curies":[{"name":"wp","href":"https:\/\/api.w.org\/{rel}","templated":true}]}}